{"id":335,"date":"2018-10-15T15:27:21","date_gmt":"2018-10-15T19:27:21","guid":{"rendered":"https:\/\/www.highpoint.edu\/sociology\/?page_id=335"},"modified":"2025-09-26T16:04:07","modified_gmt":"2025-09-26T20:04:07","slug":"researchsayre","status":"publish","type":"page","link":"https:\/\/www.highpoint.edu\/sociology\/researchsayre\/","title":{"rendered":"Research- Dr. Matthew Sayre"},"content":{"rendered":"<h3>Book<\/h3>\n<div id=\"footable_parent_686\"\n         class=\" footable_parent ninja_table_wrapper loading_ninja_table wp_table_data_press_parent semantic_ui \">\n                <table data-ninja_table_instance=\"ninja_table_instance_0\" data-footable_id=\"686\" data-filter-delay=\"1000\" aria-label=\"Research Book - Dr. Sayre (Imported From Table Press)\"            id=\"footable_686\"\n           data-unique_identifier=\"ninja_table_unique_id_2641891311_686\"\n           class=\" foo-table ninja_footable foo_table_686 ninja_table_unique_id_2641891311_686 ui table  ninja_search_right nt_type_legacy_table selectable striped vertical_centered  footable-paging-right ninjatable_hide_header_row ninja_table_search_disabled ninja_table_pro\">\n                <colgroup>\n                            <col class=\"ninja_column_0 \">\n                            <col class=\"ninja_column_1 \">\n                    <\/colgroup>\n        <thead>\n<tr class=\"footable-header\">\n                                        <th scope=\"col\"  class=\"ninja_column_0 ninja_clmn_nm_ninja_column_1 \">Ninja Column 1<\/th><th scope=\"col\"  class=\"ninja_column_1 ninja_clmn_nm_ninja_column_2 \">Ninja Column 2<\/th><\/tr>\n<\/thead>\n<tbody>\n\n        <tr data-row_id=\"1\" class=\"ninja_table_row_0 nt_row_id_1\">\n            <td>2017<\/td><td><i>Social Perspectives on Ancient Lives from Paleoethnobotanical Data<\/i>, Matthew Sayre and Maria Bruno (eds.), Springer Press.<\/td>        <\/tr>\n    <\/tbody><!--ninja_tobody_rendering_done-->\n    <\/table>\n    \n    \n    \n<\/div>\n\n<h3>Articles and Book Chapters<\/h3>\n<div id=\"footable_parent_687\"\n         class=\" footable_parent ninja_table_wrapper loading_ninja_table wp_table_data_press_parent semantic_ui \">\n                <table data-ninja_table_instance=\"ninja_table_instance_1\" data-footable_id=\"687\" data-filter-delay=\"1000\" aria-label=\"Research Articles and Chapters - Sayre (Imported From Table Press)\"            id=\"footable_687\"\n           data-unique_identifier=\"ninja_table_unique_id_2724487827_687\"\n           class=\" foo-table ninja_footable foo_table_687 ninja_table_unique_id_2724487827_687 ui table  ninja_search_right nt_type_legacy_table selectable striped vertical_centered  footable-paging-right ninjatable_hide_header_row ninja_table_search_disabled ninja_table_pro\">\n                <colgroup>\n                            <col class=\"ninja_column_0 \">\n                            <col class=\"ninja_column_1 \">\n                    <\/colgroup>\n        <thead>\n<tr class=\"footable-header\">\n                                        <th scope=\"col\"  class=\"ninja_column_0 ninja_clmn_nm_ninja_column_1 \">Ninja Column 1<\/th><th scope=\"col\"  class=\"ninja_column_1 ninja_clmn_nm_ninja_column_2 \">Ninja Column 2<\/th><\/tr>\n<\/thead>\n<tbody>\n\n        <tr data-row_id=\"11\" class=\"ninja_table_row_0 nt_row_id_11\">\n            <td>2016<\/td><td>Rosenfeld, Silvana A., and <b>Matthew P. Sayre<\/b>. \"Llamas on the Land: Production and Consumption of Meat at Chav\u00edn de Hu\u00e1ntar, Peru.\" <i>Latin American Antiquity<\/i> 27, no. 4: 497-511. <\/td>        <\/tr>\n            <tr data-row_id=\"20\" class=\"ninja_table_row_1 nt_row_id_20\">\n            <td>2009<\/td><td>\"Chronicling Indigenous Accounts of the \u2018Rise of Agriculture\u2019 in the Americas.\" In Denham, Timothy P., Jos\u00e9 Iriarte, and Luc Vrydaghs, eds. <i>Rethinking agriculture: archaeological and ethnoarchaeological perspectives<\/i>: 231-242.<\/td>        <\/tr>\n            <tr data-row_id=\"19\" class=\"ninja_table_row_2 nt_row_id_19\">\n            <td>2010<\/td><td><b>Sayre, M. P<\/b>., and N. L. Aldave Lopez. \"Exchange at Chavin de Huantar: insights from shell data.\" <i>Andean Past<\/i> 9: 340-345.<\/td>        <\/tr>\n            <tr data-row_id=\"18\" class=\"ninja_table_row_3 nt_row_id_18\">\n            <td>2011<\/td><td>Rick, John W., Christian Mesia, Daniel A. Contreras, Silvia R. Kembel, Rosa M. Rick, <b>Matthew Sayre<\/b>, and John Wolf. \"La cronolog\u00eda de Chav\u00edn de Hu\u00e1ntar y sus implicancias para el Periodo Formativo.\" <i>Bolet\u00edn de Arqueolog\u00eda<\/i> PUCP 13:87-132.<\/td>        <\/tr>\n            <tr data-row_id=\"17\" class=\"ninja_table_row_4 nt_row_id_17\">\n            <td>2011<\/td><td>Cane, Rachel, Rob Cuthrell, <b>Matthew Sayre<\/b>, Kathryn Soluri, and Christine Hastorf. Building 3\u2019s life through plant use: The macrobotanical evidence of Neolithic dwelling from the Berkeley Archaeology at \u00c7atalh\u00f6y\u00fck (BACH) excavation 1997-2003. In Tringham, Ruth and Melania Stevanovich, eds. <i>House Lives: Building, Inhabiting, Excavating a House at \u00c7atalh\u00f6y\u00fck, Turkey Reports from the BACH Area, \u00c7atalh\u00f6y\u00fck, 1997-2003<\/i>. pp. 269-295. McDonald Institute for Archaeological Research \/ British Institute of Archaeology at Ankara, Cambridge, UK.<\/td>        <\/tr>\n            <tr data-row_id=\"16\" class=\"ninja_table_row_5 nt_row_id_16\">\n            <td>2012<\/td><td><b>Sayre, Matthew<\/b>, David Goldstein, William Whitehead, and Patrick Williams. \"A Marked Preference: Chicha de Molle and Huari State Consumption Practices.\" <i>\u00d1awpa Pacha<\/i> 32, no. 2: 231-258.<\/td>        <\/tr>\n            <tr data-row_id=\"15\" class=\"ninja_table_row_6 nt_row_id_15\">\n            <td>2012<\/td><td>\"An Andean Domesticate adapts to climate change.\" In <i>Proceedings of the South Dakota Academy of Science<\/i>, vol. 91: 25-32.<\/td>        <\/tr>\n            <tr data-row_id=\"14\" class=\"ninja_table_row_7 nt_row_id_14\">\n            <td>2015<\/td><td>Sayre, Matthew, Asunci\u00f3n Cano, and Huber Trinidad. \"Cultural Heritage, Tourism, and Site Sustainability at the UNESCO World Heritage Site of Chav\u00edn de Hu\u00e1ntar.\" International Journal of Environmental, Cultural, Economic &amp; Social Sustainability: Annual Review 11: 47-55.<\/td>        <\/tr>\n            <tr data-row_id=\"13\" class=\"ninja_table_row_8 nt_row_id_13\">\n            <td>2016<\/td><td><b>Sayre, Matthew P<\/b>., Melanie J. Miller, and Silvana A. Rosenfeld. \"Isotopic evidence for the trade and production of exotic marine mammal bone artifacts at Chav\u00edn de Hu\u00e1ntar, Peru.\" <i>Archaeological and Anthropological Sciences<\/i> 8, no. 2 (2016): 403-417.<\/td>        <\/tr>\n            <tr data-row_id=\"12\" class=\"ninja_table_row_9 nt_row_id_12\">\n            <td>2016<\/td><td>\"Digital Archaeology in the Rural Andes: Problems and Prospects.\" In Averett, Erin Walcek, Jody Michael Gordon, and Derek B. Counts. <i>Mobilizing the Past for a Digital Future: The Potential of Digital Archaeology.<\/i> <\/td>        <\/tr>\n            <tr data-row_id=\"2\" class=\"ninja_table_row_10 nt_row_id_2\">\n            <td>2023<\/td><td><b>Sayre, M. <\/b> and S. Rosenfeld. A River Runs through it: Ritual and Inequality in the La Banda Sector of Chav\u00edn de Huantar. In Reconsidering the Chav\u00edn Phenomenon in the Twenty-First Century, edited by Richard L. Burger and Jason Nesbitt., pp 61-79.  Dumbarton Oaks, Harvard University Press.<\/td>        <\/tr>\n            <tr data-row_id=\"10\" class=\"ninja_table_row_11 nt_row_id_10\">\n            <td>2017<\/td><td><b>Matthew Sayre<\/b> and William Whitehead. \u201cPlant Use and the Separation of Ritual and Domestic Space at Conchopata, Peru: A Middle Horizon Site.\u201d In Matthew Sayre and Maria Bruno, eds. <i>Social Perspectives on Environmental Archaeology<\/i>. Springer Press.<\/td>        <\/tr>\n            <tr data-row_id=\"9\" class=\"ninja_table_row_12 nt_row_id_9\">\n            <td>2017<\/td><td>Bruno, Maria and <b>Matthew Sayre<\/b>. \u201cSocial Paleoethnobotany: New contributions to Archaeological Theory and Practice.\u201d In Matthew Sayre and Maria Bruno, eds. <i>Social Perspectives on Environmental Archaeology<\/i>. Springer Press.<\/td>        <\/tr>\n            <tr data-row_id=\"8\" class=\"ninja_table_row_13 nt_row_id_8\">\n            <td>2017<\/td><td>Mayer, A., <b>Sayre, M<\/b>., &amp; Jennings, J. Coming Together to Toast and Feed the Dead in the Cotahuasi Valley of Peru. <i>Ethnobiology Letters<\/i>, 8(1), 46\u201353.<br \/>\n<a href=\"https:\/\/dx.doi.org\/10.14237\/ebl.8.1.2017.658\"> Website<\/a>\n <\/td>        <\/tr>\n            <tr data-row_id=\"7\" class=\"ninja_table_row_14 nt_row_id_7\">\n            <td>2017<\/td><td><b>Sayre, Matthew<\/b>, Tammy Stenner and Alejandro Argumedo.\u201cYou can\u2019t grow Potatoes in the Sky: Agriculture and Climate Change in Andean Peru.\u201d <i>Culture, Agriculture, Food, and Environment<\/i> 39, no. 2:100-108. Special edition edited by K. LaFrenz Samuels.<\/td>        <\/tr>\n            <tr data-row_id=\"6\" class=\"ninja_table_row_15 nt_row_id_6\">\n            <td>2017<\/td><td>Jarchow, Meghann, Paul Formisano, Shane Nordycke, and <b>Matthew Sayre<\/b>. \u201cStudent Learning Outcomes in Sustainability Education: Developing and Testing a Framework.\u201d <i>International Journal of Sustainability in Higher Education<\/i>. <br \/>\n<a href=\"https:\/\/doi.org\/10.1108\/IJSHE-11-2016-0200\"> Website<\/a>\n<\/td>        <\/tr>\n            <tr data-row_id=\"5\" class=\"ninja_table_row_16 nt_row_id_5\">\n            <td>2018<\/td><td>\u201cA Synonym for Sacred: Vilca Use in the pre-Conquest Andes.\u201d In Scott Fitzpatrick, ed. <i>Psychoactive Substances in Ancient Societies<\/i>. University of Florida Press.<\/td>        <\/tr>\n            <tr data-row_id=\"4\" class=\"ninja_table_row_17 nt_row_id_4\">\n            <td>2018<\/td><td>\u201cThe Historicity of the \u2018Early Horizon.\u201d In Edward Swenson and Andrew Roddick, eds. <b>Constructions of Time and History in the Pre-Columbian Andes<\/b>. University of Colorado Press. <\/td>        <\/tr>\n            <tr data-row_id=\"3\" class=\"ninja_table_row_18 nt_row_id_3\">\n            <td>2019<\/td><td>La Mattina, Nicco and <b>Matthew Sayre<\/b>. \u201cAnalogism at Chav\u00edn de Hu\u00e1ntar.\u201d In Henry Tantalean, and Maria Cecilia Lozada, eds. <i>Andean Ontologies: New Perspectives From Archaeology, Ethnohistory and Bioarchaeology<\/i>.\u201d University of Colorado Press.<\/td>        <\/tr>\n    <\/tbody><!--ninja_tobody_rendering_done-->\n    <\/table>\n    \n    \n    \n<\/div>\n\n","protected":false},"excerpt":{"rendered":"<p>Book Articles and Book Chapters<\/p>\n","protected":false},"author":10420,"featured_media":0,"parent":0,"menu_order":0,"comment_status":"closed","ping_status":"closed","template":"","meta":{"_acf_changed":false,"_hpuaeo_plugin_post_data":"","_hpuaeo_plugin_meta_tags":"","footnotes":"","_links_to":"","_links_to_target":""},"class_list":["post-335","page","type-page","status-publish","hentry"],"acf":[],"yoast_head":"<!-- This site is optimized with the Yoast SEO Premium plugin v27.1 (Yoast SEO v27.1.1) - https:\/\/yoast.com\/product\/yoast-seo-premium-wordpress\/ -->\n<title>Research- Dr. Matthew Sayre - Sociology &amp; Anthropology<\/title>\n<meta name=\"robots\" content=\"index, follow, max-snippet:-1, max-image-preview:large, max-video-preview:-1\" \/>\n<link rel=\"canonical\" href=\"https:\/\/www.highpoint.edu\/sociology\/researchsayre\/\" \/>\n<meta property=\"og:locale\" content=\"en_US\" \/>\n<meta property=\"og:type\" content=\"article\" \/>\n<meta property=\"og:title\" content=\"Research- Dr. Matthew Sayre\" \/>\n<meta property=\"og:description\" content=\"Book Articles and Book Chapters\" \/>\n<meta property=\"og:url\" content=\"https:\/\/www.highpoint.edu\/sociology\/researchsayre\/\" \/>\n<meta property=\"og:site_name\" content=\"Sociology &amp; Anthropology\" \/>\n<meta property=\"article:modified_time\" content=\"2025-09-26T20:04:07+00:00\" \/>\n<meta name=\"twitter:card\" content=\"summary_large_image\" \/>\n<meta name=\"twitter:label1\" content=\"Est. reading time\" \/>\n\t<meta name=\"twitter:data1\" content=\"1 minute\" \/>\n<script type=\"application\/ld+json\" class=\"yoast-schema-graph\">{\"@context\":\"https:\/\/schema.org\",\"@graph\":[{\"@type\":\"WebPage\",\"@id\":\"https:\/\/www.highpoint.edu\/sociology\/researchsayre\/\",\"url\":\"https:\/\/www.highpoint.edu\/sociology\/researchsayre\/\",\"name\":\"Research- Dr. Matthew Sayre - Sociology &amp; Anthropology\",\"isPartOf\":{\"@id\":\"https:\/\/www.highpoint.edu\/sociology\/#website\"},\"datePublished\":\"2018-10-15T19:27:21+00:00\",\"dateModified\":\"2025-09-26T20:04:07+00:00\",\"breadcrumb\":{\"@id\":\"https:\/\/www.highpoint.edu\/sociology\/researchsayre\/#breadcrumb\"},\"inLanguage\":\"en-US\",\"potentialAction\":[{\"@type\":\"ReadAction\",\"target\":[\"https:\/\/www.highpoint.edu\/sociology\/researchsayre\/\"]}],\"publisher\":{\"@id\":\"https:\/\/www.highpoint.edu\/#University\"}},{\"@type\":\"BreadcrumbList\",\"@id\":\"https:\/\/www.highpoint.edu\/sociology\/researchsayre\/#breadcrumb\",\"itemListElement\":[{\"@type\":\"ListItem\",\"position\":1,\"name\":\"Home\",\"item\":\"https:\/\/www.highpoint.edu\/sociology\/\"},{\"@type\":\"ListItem\",\"position\":2,\"name\":\"Research- Dr. Matthew Sayre\"}]},{\"@type\":\"WebSite\",\"@id\":\"https:\/\/www.highpoint.edu\/sociology\/#website\",\"url\":\"https:\/\/www.highpoint.edu\/sociology\/\",\"name\":\"Sociology &amp; Anthropology\",\"description\":\"\",\"potentialAction\":[{\"@type\":\"SearchAction\",\"target\":{\"@type\":\"EntryPoint\",\"urlTemplate\":\"https:\/\/www.highpoint.edu\/sociology\/?s={search_term_string}\"},\"query-input\":{\"@type\":\"PropertyValueSpecification\",\"valueRequired\":true,\"valueName\":\"search_term_string\"}}],\"inLanguage\":\"en-US\",\"publisher\":{\"@id\":\"https:\/\/www.highpoint.edu\/#University\"}}]}<\/script>\n<!-- \/ Yoast SEO Premium plugin. -->","yoast_head_json":{"title":"Research- Dr. Matthew Sayre - Sociology &amp; Anthropology","robots":{"index":"index","follow":"follow","max-snippet":"max-snippet:-1","max-image-preview":"max-image-preview:large","max-video-preview":"max-video-preview:-1"},"canonical":"https:\/\/www.highpoint.edu\/sociology\/researchsayre\/","og_locale":"en_US","og_type":"article","og_title":"Research- Dr. Matthew Sayre","og_description":"Book Articles and Book Chapters","og_url":"https:\/\/www.highpoint.edu\/sociology\/researchsayre\/","og_site_name":"Sociology &amp; Anthropology","article_modified_time":"2025-09-26T20:04:07+00:00","twitter_card":"summary_large_image","twitter_misc":{"Est. reading time":"1 minute"},"schema":{"@context":"https:\/\/schema.org","@graph":[{"@type":"WebPage","@id":"https:\/\/www.highpoint.edu\/sociology\/researchsayre\/","url":"https:\/\/www.highpoint.edu\/sociology\/researchsayre\/","name":"Research- Dr. Matthew Sayre - Sociology &amp; Anthropology","isPartOf":{"@id":"https:\/\/www.highpoint.edu\/sociology\/#website"},"datePublished":"2018-10-15T19:27:21+00:00","dateModified":"2025-09-26T20:04:07+00:00","breadcrumb":{"@id":"https:\/\/www.highpoint.edu\/sociology\/researchsayre\/#breadcrumb"},"inLanguage":"en-US","potentialAction":[{"@type":"ReadAction","target":["https:\/\/www.highpoint.edu\/sociology\/researchsayre\/"]}],"publisher":{"@id":"https:\/\/www.highpoint.edu\/#University"}},{"@type":"BreadcrumbList","@id":"https:\/\/www.highpoint.edu\/sociology\/researchsayre\/#breadcrumb","itemListElement":[{"@type":"ListItem","position":1,"name":"Home","item":"https:\/\/www.highpoint.edu\/sociology\/"},{"@type":"ListItem","position":2,"name":"Research- Dr. Matthew Sayre"}]},{"@type":"WebSite","@id":"https:\/\/www.highpoint.edu\/sociology\/#website","url":"https:\/\/www.highpoint.edu\/sociology\/","name":"Sociology &amp; Anthropology","description":"","potentialAction":[{"@type":"SearchAction","target":{"@type":"EntryPoint","urlTemplate":"https:\/\/www.highpoint.edu\/sociology\/?s={search_term_string}"},"query-input":{"@type":"PropertyValueSpecification","valueRequired":true,"valueName":"search_term_string"}}],"inLanguage":"en-US","publisher":{"@id":"https:\/\/www.highpoint.edu\/#University"}}]}},"_links":{"self":[{"href":"https:\/\/www.highpoint.edu\/sociology\/wp-json\/wp\/v2\/pages\/335","targetHints":{"allow":["GET"]}}],"collection":[{"href":"https:\/\/www.highpoint.edu\/sociology\/wp-json\/wp\/v2\/pages"}],"about":[{"href":"https:\/\/www.highpoint.edu\/sociology\/wp-json\/wp\/v2\/types\/page"}],"author":[{"embeddable":true,"href":"https:\/\/www.highpoint.edu\/sociology\/wp-json\/wp\/v2\/users\/10420"}],"replies":[{"embeddable":true,"href":"https:\/\/www.highpoint.edu\/sociology\/wp-json\/wp\/v2\/comments?post=335"}],"version-history":[{"count":0,"href":"https:\/\/www.highpoint.edu\/sociology\/wp-json\/wp\/v2\/pages\/335\/revisions"}],"wp:attachment":[{"href":"https:\/\/www.highpoint.edu\/sociology\/wp-json\/wp\/v2\/media?parent=335"}],"curies":[{"name":"wp","href":"https:\/\/api.w.org\/{rel}","templated":true}]}}